{"id":1157,"date":"2025-07-01T16:50:12","date_gmt":"2025-07-01T19:50:12","guid":{"rendered":"https:\/\/cryptoprincess.news\/?page_id=1157"},"modified":"2026-01-14T22:55:23","modified_gmt":"2026-01-15T01:55:23","slug":"precios-de-criptomonedas","status":"publish","type":"page","link":"https:\/\/blockversenews.es\/en\/precios-de-criptomonedas\/","title":{"rendered":"Mercado en vivo"},"content":{"rendered":"<div class=\"wp-block-group alignfull has-palette-color-7-color has-palette-color-4-background-color has-text-color has-background has-link-color wp-elements-ca5620ce5aa5ee1c5f80d43e3721a176 is-vertical is-content-justification-center is-layout-flex wp-container-core-group-is-layout-ce155fab wp-block-group-is-layout-flex\">\n<h1 class=\"wp-block-heading has-palette-color-7-color has-black-background-color has-text-color has-background has-link-color wp-elements-10fd7955e4323f38a46d4b408cad8944\">Mercado Cripto<\/h1>\n\n\n\n<h4 class=\"wp-block-heading has-palette-color-7-color has-text-color has-link-color wp-elements-0d7a481c6cd745fd2ca9af0c40714749\">Precios, movimientos y contexto del mercado de criptomonedas, en tiempo real.<\/h4>\n\n\n\n<h5 class=\"wp-block-heading has-palette-color-8-color has-text-color has-link-color wp-elements-09a6ef3074acf8e2a403530c6e882c85\">Informaci\u00f3n para entender, no para prometer.<\/h5>\n<\/div>\n\n\n\n<p>El mercado de criptomonedas es din\u00e1mico, vol\u00e1til y en constante evoluci\u00f3n.<br>En Blockverse mostramos datos de mercado con un enfoque informativo y educativo, para ayudarte a entender el contexto general y tomar decisiones con mayor conciencia.<\/p>\n\n\n\n<p>Esta secci\u00f3n no constituye asesoramiento financiero.<\/p>\n\n\n\n<script src=\"https:\/\/widgets.coingecko.com\/gecko-coin-heatmap-widget.js\"><\/script>\n<gecko-coin-heatmap-widget locale=\"es\" outlined=\"true\" top=\"100\"><\/gecko-coin-heatmap-widget>\n\n\n\n<script src=\"https:\/\/widgets.coingecko.com\/gecko-random-coin-widget.js\"><\/script>\n<gecko-random-coin-widget locale=\"es\" outlined=\"true\"><\/gecko-random-coin-widget>\n\n\n\n<h1 class=\"wp-block-heading has-palette-color-4-color has-text-color has-link-color wp-elements-702d5557c4b9e95b4c615cd315ad3d79\">M\u00e1s all\u00e1 del precio<\/h1>\n\n\n\n<p>Los movimientos del mercado no ocurren en el vac\u00edo. Factores macroecon\u00f3micos, regulaciones, adopci\u00f3n institucional y avances tecnol\u00f3gicos influyen directamente en la evoluci\u00f3n de los precios.<\/p>\n\n\n\n<p>En Blockverse analizamos el contexto para que el dato tenga sentido.<\/p>\n\n\n\n<h1 class=\"wp-block-heading has-palette-color-4-color has-text-color has-link-color wp-elements-ec1ccbfedb8f1567a5474d45ea594c19\">Exchanges y Brokers<\/h1>\n\n\n\n<p>Operar en el mercado cripto requiere utilizar plataformas confiables y reconocidas. A continuaci\u00f3n, compartimos exchanges y brokers conocidos dentro del ecosistema.<\/p>\n\n\n\n<div class=\"wp-block-group alignfull is-style-section-2 is-content-justification-center is-layout-constrained wp-container-core-group-is-layout-ad781b73 wp-block-group-is-layout-constrained\" style=\"margin-top:0;margin-bottom:0;padding-top:var(--wp--preset--spacing--50);padding-bottom:var(--wp--preset--spacing--50)\">\n<div class=\"wp-block-group alignwide is-layout-flow wp-block-group-is-layout-flow\">\n<div class=\"wp-block-group alignwide is-layout-flow wp-block-group-is-layout-flow\">\n<div class=\"wp-block-columns alignwide is-layout-flex wp-container-core-columns-is-layout-8b2f53ff wp-block-columns-is-layout-flex\" style=\"padding-right:var(--wp--preset--spacing--80);padding-left:var(--wp--preset--spacing--80)\">\n<div class=\"wp-block-column is-layout-flow wp-container-core-column-is-layout-369f67fb wp-block-column-is-layout-flow\" style=\"flex-basis:230px\">\n<figure class=\"wp-block-image size-full is-style-rounded\"><img data-recalc-dims=\"1\" loading=\"lazy\" decoding=\"async\" width=\"1080\" height=\"1080\" data-attachment-id=\"83\" data-permalink=\"https:\/\/blockversenews.es\/en\/photo_4958925543420571101_y-3\/\" data-orig-file=\"https:\/\/i0.wp.com\/blockversenews.es\/wp-content\/uploads\/2025\/05\/photo_4958925543420571101_y-2.jpg?fit=1080%2C1080&amp;ssl=1\" data-orig-size=\"1080,1080\" data-comments-opened=\"1\" data-image-meta=\"{&quot;aperture&quot;:&quot;0&quot;,&quot;credit&quot;:&quot;&quot;,&quot;camera&quot;:&quot;&quot;,&quot;caption&quot;:&quot;&quot;,&quot;created_timestamp&quot;:&quot;0&quot;,&quot;copyright&quot;:&quot;&quot;,&quot;focal_length&quot;:&quot;0&quot;,&quot;iso&quot;:&quot;0&quot;,&quot;shutter_speed&quot;:&quot;0&quot;,&quot;title&quot;:&quot;&quot;,&quot;orientation&quot;:&quot;0&quot;}\" data-image-title=\"photo_4958925543420571101_y\" data-image-description=\"\" data-image-caption=\"\" data-large-file=\"https:\/\/i0.wp.com\/blockversenews.es\/wp-content\/uploads\/2025\/05\/photo_4958925543420571101_y-2.jpg?fit=1024%2C1024&amp;ssl=1\" src=\"https:\/\/i0.wp.com\/blockversenews.es\/wp-content\/uploads\/2025\/05\/photo_4958925543420571101_y-2.jpg?resize=1080%2C1080&#038;ssl=1\" alt=\"Logo de XChief con un globo terr\u00e1queo de fondo y un cursor.\" class=\"wp-image-83\" style=\"aspect-ratio:1;object-fit:cover\"\/><\/figure>\n\n\n\n<p class=\"has-text-align-center has-palette-color-4-color has-text-color has-link-color wp-elements-5e6975ac9554eca8fc57abc8ded9f821\"><strong><a href=\"https:\/\/www.xchief.com\/?a=9aab8c1c\" target=\"_blank\" rel=\"noopener\" title=\"xChief\">xChief<\/a><\/strong><\/p>\n<\/div>\n\n\n\n<div class=\"wp-block-column is-layout-flow wp-container-core-column-is-layout-369f67fb wp-block-column-is-layout-flow\" style=\"flex-basis:230px\">\n<figure class=\"wp-block-image size-full is-style-rounded\"><img data-recalc-dims=\"1\" loading=\"lazy\" decoding=\"async\" width=\"1080\" height=\"1080\" data-attachment-id=\"5398\" data-permalink=\"https:\/\/blockversenews.es\/en\/precios-de-criptomonedas\/binance_logo\/\" data-orig-file=\"https:\/\/i0.wp.com\/blockversenews.es\/wp-content\/uploads\/2026\/01\/binance_logo.png?fit=1080%2C1080&amp;ssl=1\" data-orig-size=\"1080,1080\" data-comments-opened=\"1\" data-image-meta=\"{&quot;aperture&quot;:&quot;0&quot;,&quot;credit&quot;:&quot;&quot;,&quot;camera&quot;:&quot;&quot;,&quot;caption&quot;:&quot;&quot;,&quot;created_timestamp&quot;:&quot;0&quot;,&quot;copyright&quot;:&quot;&quot;,&quot;focal_length&quot;:&quot;0&quot;,&quot;iso&quot;:&quot;0&quot;,&quot;shutter_speed&quot;:&quot;0&quot;,&quot;title&quot;:&quot;&quot;,&quot;orientation&quot;:&quot;0&quot;}\" data-image-title=\"binance_logo\" data-image-description=\"\" data-image-caption=\"\" data-large-file=\"https:\/\/i0.wp.com\/blockversenews.es\/wp-content\/uploads\/2026\/01\/binance_logo.png?fit=1024%2C1024&amp;ssl=1\" src=\"https:\/\/i0.wp.com\/blockversenews.es\/wp-content\/uploads\/2026\/01\/binance_logo.png?resize=1080%2C1080&#038;ssl=1\" alt=\"Logotipo de Binance en fondo negro, con la palabra 'BINANCE' en dorado y un s\u00edmbolo de diamante tambi\u00e9n en dorado.\" class=\"wp-image-5398\" style=\"aspect-ratio:1;object-fit:cover\" srcset=\"https:\/\/i0.wp.com\/blockversenews.es\/wp-content\/uploads\/2026\/01\/binance_logo.png?w=1080&amp;ssl=1 1080w, https:\/\/i0.wp.com\/blockversenews.es\/wp-content\/uploads\/2026\/01\/binance_logo.png?resize=300%2C300&amp;ssl=1 300w, https:\/\/i0.wp.com\/blockversenews.es\/wp-content\/uploads\/2026\/01\/binance_logo.png?resize=1024%2C1024&amp;ssl=1 1024w, https:\/\/i0.wp.com\/blockversenews.es\/wp-content\/uploads\/2026\/01\/binance_logo.png?resize=150%2C150&amp;ssl=1 150w, https:\/\/i0.wp.com\/blockversenews.es\/wp-content\/uploads\/2026\/01\/binance_logo.png?resize=768%2C768&amp;ssl=1 768w, https:\/\/i0.wp.com\/blockversenews.es\/wp-content\/uploads\/2026\/01\/binance_logo.png?resize=12%2C12&amp;ssl=1 12w, https:\/\/i0.wp.com\/blockversenews.es\/wp-content\/uploads\/2026\/01\/binance_logo.png?resize=800%2C800&amp;ssl=1 800w, https:\/\/i0.wp.com\/blockversenews.es\/wp-content\/uploads\/2026\/01\/binance_logo.png?resize=600%2C600&amp;ssl=1 600w, https:\/\/i0.wp.com\/blockversenews.es\/wp-content\/uploads\/2026\/01\/binance_logo.png?resize=400%2C400&amp;ssl=1 400w, https:\/\/i0.wp.com\/blockversenews.es\/wp-content\/uploads\/2026\/01\/binance_logo.png?resize=200%2C200&amp;ssl=1 200w\" sizes=\"auto, (max-width: 1080px) 100vw, 1080px\" \/><\/figure>\n\n\n\n<p class=\"has-text-align-center has-palette-color-4-color has-text-color has-link-color wp-elements-9479b32c39a822177dab279cbd978d86\"><strong><a href=\"https:\/\/www.binance.com\/referral\/earn-together\/refer2earn-usdc\/claim?hl=es-LA&amp;ref=GRO_28502_58F1Y&amp;utm_source=default\" target=\"_blank\" rel=\"noopener\" title=\"Binance\">Binance<\/a><\/strong><\/p>\n<\/div>\n\n\n\n<div class=\"wp-block-column is-layout-flow wp-container-core-column-is-layout-369f67fb wp-block-column-is-layout-flow\" style=\"flex-basis:230px\">\n<figure class=\"wp-block-image size-full is-style-rounded\"><img data-recalc-dims=\"1\" loading=\"lazy\" decoding=\"async\" width=\"1206\" height=\"1206\" data-attachment-id=\"910\" data-permalink=\"https:\/\/blockversenews.es\/en\/full-coinw-logo\/\" data-orig-file=\"https:\/\/i0.wp.com\/blockversenews.es\/wp-content\/uploads\/2025\/06\/full-coinw-logo.png?fit=2500%2C2500&amp;ssl=1\" data-orig-size=\"2500,2500\" data-comments-opened=\"1\" data-image-meta=\"{&quot;aperture&quot;:&quot;0&quot;,&quot;credit&quot;:&quot;&quot;,&quot;camera&quot;:&quot;&quot;,&quot;caption&quot;:&quot;&quot;,&quot;created_timestamp&quot;:&quot;0&quot;,&quot;copyright&quot;:&quot;&quot;,&quot;focal_length&quot;:&quot;0&quot;,&quot;iso&quot;:&quot;0&quot;,&quot;shutter_speed&quot;:&quot;0&quot;,&quot;title&quot;:&quot;&quot;,&quot;orientation&quot;:&quot;0&quot;}\" data-image-title=\"full-coinw-logo\" data-image-description=\"\" data-image-caption=\"\" data-large-file=\"https:\/\/i0.wp.com\/blockversenews.es\/wp-content\/uploads\/2025\/06\/full-coinw-logo.png?fit=1024%2C1024&amp;ssl=1\" src=\"https:\/\/i0.wp.com\/blockversenews.es\/wp-content\/uploads\/2025\/06\/full-coinw-logo.png?resize=1206%2C1206&#038;ssl=1\" alt=\"Logo de CoinW con un icono de gr\u00e1fico en color p\u00farpura y el texto 'CoinW' en blanco.\" class=\"wp-image-910\" style=\"aspect-ratio:1;object-fit:cover\"\/><\/figure>\n\n\n\n<p class=\"has-text-align-center has-palette-color-4-color has-text-color has-link-color wp-elements-9ec5ffb7365ba8d60539ad0053bae108\"><strong><a href=\"https:\/\/www.coinw.com\/es_ES\/register?r=26411073\" target=\"_blank\" rel=\"noopener\" title=\"CoinW\">CoinW<\/a><\/strong><\/p>\n<\/div>\n\n\n\n<div class=\"wp-block-column is-layout-flow wp-container-core-column-is-layout-369f67fb wp-block-column-is-layout-flow\" style=\"flex-basis:230px\">\n<figure class=\"wp-block-image size-full is-style-rounded\"><img data-recalc-dims=\"1\" loading=\"lazy\" decoding=\"async\" width=\"400\" height=\"300\" data-attachment-id=\"121\" data-permalink=\"https:\/\/blockversenews.es\/en\/0x0\/\" data-orig-file=\"https:\/\/i0.wp.com\/blockversenews.es\/wp-content\/uploads\/2025\/05\/0x0.png?fit=400%2C300&amp;ssl=1\" data-orig-size=\"400,300\" data-comments-opened=\"1\" data-image-meta=\"{&quot;aperture&quot;:&quot;0&quot;,&quot;credit&quot;:&quot;&quot;,&quot;camera&quot;:&quot;&quot;,&quot;caption&quot;:&quot;&quot;,&quot;created_timestamp&quot;:&quot;0&quot;,&quot;copyright&quot;:&quot;&quot;,&quot;focal_length&quot;:&quot;0&quot;,&quot;iso&quot;:&quot;0&quot;,&quot;shutter_speed&quot;:&quot;0&quot;,&quot;title&quot;:&quot;&quot;,&quot;orientation&quot;:&quot;0&quot;}\" data-image-title=\"0x0\" data-image-description=\"\" data-image-caption=\"\" data-large-file=\"https:\/\/i0.wp.com\/blockversenews.es\/wp-content\/uploads\/2025\/05\/0x0.png?fit=400%2C300&amp;ssl=1\" src=\"https:\/\/i0.wp.com\/blockversenews.es\/wp-content\/uploads\/2025\/05\/0x0.png?resize=400%2C300&#038;ssl=1\" alt=\"Logo de Bitget con fondo azul claro.\" class=\"wp-image-121\" style=\"aspect-ratio:1;object-fit:cover\"\/><\/figure>\n\n\n\n<p class=\"has-text-align-center has-palette-color-4-color has-text-color has-link-color wp-elements-9f34659bb541f19d7562a6824180bc3c\"><strong><a href=\"https:\/\/partner.bitget.fit\/bg\/Q9RHC4\" target=\"_blank\" rel=\"noopener\" title=\"Bitget\">Bitget<\/a><\/strong><\/p>\n<\/div>\n<\/div>\n\n\n\n<h1 class=\"wp-block-heading has-palette-color-4-color has-text-color has-link-color wp-elements-e016d83cbe0541eada49fe042b0e864b\">\u00bfQuieres saber m\u00e1s?<\/h1>\n\n\n\n<p>Si est\u00e1s comenzando o quieres profundizar en c\u00f3mo funcionan los exchanges, brokers y el mercado cripto en general, en nuestra comunidad encontrar\u00e1s contenido educativo, gu\u00edas y espacios para aprender acompa\u00f1ado.+<\/p>\n\n\n\n<div class=\"wp-block-buttons is-layout-flex wp-block-buttons-is-layout-flex\">\n<div class=\"wp-block-button\"><a class=\"wp-block-button__link wp-element-button\" href=\"https:\/\/t.me\/theblockverse\">Acceder a la comunidad<\/a><\/div>\n<\/div>\n<\/div>\n<\/div>\n<\/div>\n\n\n\n<div class=\"wp-block-group alignfull has-palette-color-7-color has-palette-color-4-background-color has-text-color has-background has-link-color wp-elements-53c4a55cb667305559151f3d5f1b6672 is-vertical is-layout-flex wp-container-core-group-is-layout-fe9cc265 wp-block-group-is-layout-flex\">\n<p class=\"has-text-align-center\">Blockverse es un medio informativo y educativo. El contenido de esta secci\u00f3n no constituye asesoramiento financiero ni recomendaci\u00f3n de inversi\u00f3n.<\/p>\n<\/div>\n\n\n\n<p><\/p>","protected":false},"excerpt":{"rendered":"<p>Mercado Cripto Precios, movimientos y contexto del mercado de criptomonedas, en tiempo real. Informaci\u00f3n para entender, no para prometer. El mercado de criptomonedas es din\u00e1mico, vol\u00e1til y en constante evoluci\u00f3n.En Blockverse mostramos datos de mercado con un enfoque informativo y educativo, para ayudarte a entender el contexto general y tomar decisiones con mayor conciencia. Esta [&hellip;]<\/p>\n","protected":false},"author":265099836,"featured_media":1161,"parent":0,"menu_order":0,"comment_status":"closed","ping_status":"closed","template":"","meta":{"_uf_show_specific_survey":0,"_uf_disable_surveys":false,"jetpack_post_was_ever_published":false,"footnotes":""},"class_list":["post-1157","page","type-page","status-publish","has-post-thumbnail","hentry"],"blocksy_meta":[],"aioseo_notices":[],"jetpack_likes_enabled":true,"jetpack_sharing_enabled":true,"jetpack_shortlink":"https:\/\/wp.me\/Phc91R-iF","jetpack-related-posts":[{"id":4866,"url":"https:\/\/blockversenews.es\/en\/","url_meta":{"origin":1157,"position":0},"title":"Home","author":"Giselle Ban","date":"6 de January de 2026","format":false,"excerpt":"Blockverse News El universo donde la blockchain se entiende Noticias, analisis y educacion sobre criptomonedas y Web3, explicadas con criterio, sin humo ni promesas Ver noticias Comunidad \u00daLTIMAS NOTICIAS Lo m\u00e1s relevante del ecosistema cripto y blockchain, hoy. Explora por categor\u00edas EDUCACI\u00d3N BLOCKVERSE Gu\u00edas claras, conceptos esenciales y recursos educativos\u2026","rel":"","context":"Similar post","block_context":{"text":"Similar post","link":""},"img":{"alt_text":"","src":"https:\/\/i0.wp.com\/blockversenews.es\/wp-content\/uploads\/2026\/01\/photo_5105067586696711107_w.jpg?fit=1200%2C592&ssl=1&resize=350%2C200","width":350,"height":200,"srcset":"https:\/\/i0.wp.com\/blockversenews.es\/wp-content\/uploads\/2026\/01\/photo_5105067586696711107_w.jpg?fit=1200%2C592&ssl=1&resize=350%2C200 1x, https:\/\/i0.wp.com\/blockversenews.es\/wp-content\/uploads\/2026\/01\/photo_5105067586696711107_w.jpg?fit=1200%2C592&ssl=1&resize=525%2C300 1.5x, https:\/\/i0.wp.com\/blockversenews.es\/wp-content\/uploads\/2026\/01\/photo_5105067586696711107_w.jpg?fit=1200%2C592&ssl=1&resize=700%2C400 2x, https:\/\/i0.wp.com\/blockversenews.es\/wp-content\/uploads\/2026\/01\/photo_5105067586696711107_w.jpg?fit=1200%2C592&ssl=1&resize=1050%2C600 3x"},"classes":[]},{"id":5175,"url":"https:\/\/blockversenews.es\/en\/5175-2\/","url_meta":{"origin":1157,"position":1},"title":"Comunidad","author":"Giselle Ban","date":"8 de January de 2026","format":false,"excerpt":"Comunidad Blockverse Un espacio para informarte, aprender y crecer junto a otros entusiastas del ecosistema cripto. Informaci\u00f3n, educaci\u00f3n y conversaci\u00f3n real. \u00bfQu\u00e9 es la Comunidad Blockverse? La Comunidad Blockverse es el punto de encuentro entre la informaci\u00f3n, la educaci\u00f3n y las personas. Naci\u00f3 como una comunidad independiente enfocada en compartir\u2026","rel":"","context":"Similar post","block_context":{"text":"Similar post","link":""},"img":{"alt_text":"","src":"https:\/\/i0.wp.com\/blockversenews.es\/wp-content\/uploads\/2026\/01\/photo_5084931860890061881_x.jpg?fit=800%2C728&ssl=1&resize=350%2C200","width":350,"height":200,"srcset":"https:\/\/i0.wp.com\/blockversenews.es\/wp-content\/uploads\/2026\/01\/photo_5084931860890061881_x.jpg?fit=800%2C728&ssl=1&resize=350%2C200 1x, https:\/\/i0.wp.com\/blockversenews.es\/wp-content\/uploads\/2026\/01\/photo_5084931860890061881_x.jpg?fit=800%2C728&ssl=1&resize=525%2C300 1.5x, https:\/\/i0.wp.com\/blockversenews.es\/wp-content\/uploads\/2026\/01\/photo_5084931860890061881_x.jpg?fit=800%2C728&ssl=1&resize=700%2C400 2x"},"classes":[]},{"id":5126,"url":"https:\/\/blockversenews.es\/en\/educacion\/","url_meta":{"origin":1157,"position":2},"title":"Educaci\u00f3n","author":"Giselle Ban","date":"8 de January de 2026","format":false,"excerpt":"Educaci\u00f3n Blockverse Aprende blockchain, criptomonedas y Web3 desde la base, con criterio y sin promesas. Educaci\u00f3n clara para entender antes de decidir. Nuestra filosof\u00eda educativa En Blockverse creemos que la educaci\u00f3n es el primer paso para construir un ecosistema cripto m\u00e1s sano, consciente y sostenible. Por eso apostamos por contenido\u2026","rel":"","context":"Similar post","block_context":{"text":"Similar post","link":""},"img":{"alt_text":"","src":"https:\/\/i0.wp.com\/blockversenews.es\/wp-content\/uploads\/2025\/11\/ChatGPT-Image-22-nov-2025-02_39_31-p.m.png?fit=1200%2C800&ssl=1&resize=350%2C200","width":350,"height":200,"srcset":"https:\/\/i0.wp.com\/blockversenews.es\/wp-content\/uploads\/2025\/11\/ChatGPT-Image-22-nov-2025-02_39_31-p.m.png?fit=1200%2C800&ssl=1&resize=350%2C200 1x, https:\/\/i0.wp.com\/blockversenews.es\/wp-content\/uploads\/2025\/11\/ChatGPT-Image-22-nov-2025-02_39_31-p.m.png?fit=1200%2C800&ssl=1&resize=525%2C300 1.5x, https:\/\/i0.wp.com\/blockversenews.es\/wp-content\/uploads\/2025\/11\/ChatGPT-Image-22-nov-2025-02_39_31-p.m.png?fit=1200%2C800&ssl=1&resize=700%2C400 2x, https:\/\/i0.wp.com\/blockversenews.es\/wp-content\/uploads\/2025\/11\/ChatGPT-Image-22-nov-2025-02_39_31-p.m.png?fit=1200%2C800&ssl=1&resize=1050%2C600 3x"},"classes":[]},{"id":5238,"url":"https:\/\/blockversenews.es\/en\/glosario-cripto\/","url_meta":{"origin":1157,"position":3},"title":"Glosario","author":"Giselle Ban","date":"12 de January de 2026","format":false,"excerpt":"Glosario Cripto & Web3 de Blockverse \u00bfNo entiendes algunos t\u00e9rminos del mundo cripto? Consulta nuestro Glosario Cripto En Blockverse creemos que entender es el primer paso antes de invertir o participar en el ecosistema cripto.Este glosario re\u00fane los t\u00e9rminos m\u00e1s importantes de blockchain, criptomonedas y Web3, explicados de forma clara,\u2026","rel":"","context":"Similar post","block_context":{"text":"Similar post","link":""},"img":{"alt_text":"","src":"https:\/\/i0.wp.com\/blockversenews.es\/wp-content\/uploads\/2025\/05\/933066-blog-partnersyoucancounton-meghanhaley-blog.jpg?fit=780%2C470&ssl=1&resize=350%2C200","width":350,"height":200,"srcset":"https:\/\/i0.wp.com\/blockversenews.es\/wp-content\/uploads\/2025\/05\/933066-blog-partnersyoucancounton-meghanhaley-blog.jpg?fit=780%2C470&ssl=1&resize=350%2C200 1x, https:\/\/i0.wp.com\/blockversenews.es\/wp-content\/uploads\/2025\/05\/933066-blog-partnersyoucancounton-meghanhaley-blog.jpg?fit=780%2C470&ssl=1&resize=525%2C300 1.5x, https:\/\/i0.wp.com\/blockversenews.es\/wp-content\/uploads\/2025\/05\/933066-blog-partnersyoucancounton-meghanhaley-blog.jpg?fit=780%2C470&ssl=1&resize=700%2C400 2x"},"classes":[]},{"id":4973,"url":"https:\/\/blockversenews.es\/en\/sobre-blockverse\/","url_meta":{"origin":1157,"position":4},"title":"Sobre Blockverse","author":"Giselle Ban","date":"8 de January de 2026","format":false,"excerpt":"Sobre Blockverse Blockverse es un medio editorial y educativo enfocado en blockchain, criptomonedas y Web3. Nacimos como comunidad, crecimos en redes y hoy somos una plataforma de informaci\u00f3n responsable, an\u00e1lisis profundo y visi\u00f3n a largo plazo. Blockverse nace de la necesidad de educar antes de prometer. Nuestra historia Crypto Princess\u2026","rel":"","context":"Similar post","block_context":{"text":"Similar post","link":""},"img":{"alt_text":"","src":"https:\/\/i0.wp.com\/blockversenews.es\/wp-content\/uploads\/2026\/01\/photo_5102815786883025767_y.jpg?fit=1024%2C962&ssl=1&resize=350%2C200","width":350,"height":200,"srcset":"https:\/\/i0.wp.com\/blockversenews.es\/wp-content\/uploads\/2026\/01\/photo_5102815786883025767_y.jpg?fit=1024%2C962&ssl=1&resize=350%2C200 1x, https:\/\/i0.wp.com\/blockversenews.es\/wp-content\/uploads\/2026\/01\/photo_5102815786883025767_y.jpg?fit=1024%2C962&ssl=1&resize=525%2C300 1.5x, https:\/\/i0.wp.com\/blockversenews.es\/wp-content\/uploads\/2026\/01\/photo_5102815786883025767_y.jpg?fit=1024%2C962&ssl=1&resize=700%2C400 2x"},"classes":[]},{"id":5087,"url":"https:\/\/blockversenews.es\/en\/blockverse-agency\/","url_meta":{"origin":1157,"position":5},"title":"Agency","author":"Giselle Ban","date":"8 de January de 2026","format":false,"excerpt":"Blockverse Agency Estrategia, marketing y crecimiento para proyectos Web3 que quieren escalar en serio En Blockverse Agency ayudamos a proyectos cripto, Web3, exchanges y brokers a construir visibilidad real, comunidad activa y crecimiento sostenible, combinando marketing digital y tradicional. Hablar con el equipo Qu\u00e9 es Blockverse Agency Blockverse Agency es\u2026","rel":"","context":"Similar post","block_context":{"text":"Similar post","link":""},"img":{"alt_text":"","src":"https:\/\/i0.wp.com\/blockversenews.es\/wp-content\/uploads\/2026\/01\/photo_5067043747303983912_y-removebg-preview.png?fit=500%2C500&ssl=1&resize=350%2C200","width":350,"height":200},"classes":[]}],"_links":{"self":[{"href":"https:\/\/blockversenews.es\/en\/wp-json\/wp\/v2\/pages\/1157","targetHints":{"allow":["GET"]}}],"collection":[{"href":"https:\/\/blockversenews.es\/en\/wp-json\/wp\/v2\/pages"}],"about":[{"href":"https:\/\/blockversenews.es\/en\/wp-json\/wp\/v2\/types\/page"}],"author":[{"embeddable":true,"href":"https:\/\/blockversenews.es\/en\/wp-json\/wp\/v2\/users\/265099836"}],"replies":[{"embeddable":true,"href":"https:\/\/blockversenews.es\/en\/wp-json\/wp\/v2\/comments?post=1157"}],"version-history":[{"count":28,"href":"https:\/\/blockversenews.es\/en\/wp-json\/wp\/v2\/pages\/1157\/revisions"}],"predecessor-version":[{"id":5413,"href":"https:\/\/blockversenews.es\/en\/wp-json\/wp\/v2\/pages\/1157\/revisions\/5413"}],"wp:featuredmedia":[{"embeddable":true,"href":"https:\/\/blockversenews.es\/en\/wp-json\/wp\/v2\/media\/1161"}],"wp:attachment":[{"href":"https:\/\/blockversenews.es\/en\/wp-json\/wp\/v2\/media?parent=1157"}],"curies":[{"name":"wp","href":"https:\/\/api.w.org\/{rel}","templated":true}]}}