{"id":5126,"date":"2026-01-08T21:23:19","date_gmt":"2026-01-09T00:23:19","guid":{"rendered":"https:\/\/cryptoprincess.news\/?page_id=5126"},"modified":"2026-01-14T22:49:44","modified_gmt":"2026-01-15T01:49:44","slug":"educacion","status":"publish","type":"page","link":"https:\/\/blockversenews.es\/en\/educacion\/","title":{"rendered":"Educaci\u00f3n"},"content":{"rendered":"<div class=\"wp-block-group alignfull has-black-background-color has-background is-vertical is-content-justification-center is-layout-flex wp-container-core-group-is-layout-ce155fab wp-block-group-is-layout-flex\">\n<h1 class=\"wp-block-heading has-text-align-center has-palette-color-7-color has-text-color has-link-color wp-elements-d86d4b1b0d39cd46ff5ab2e7905bfa44\">Educaci\u00f3n Blockverse<\/h1>\n\n\n\n<h4 class=\"wp-block-heading has-text-align-center has-palette-color-8-color has-text-color has-link-color wp-elements-b219d8a9fcd89877df4b784fb6732af8\">Aprende blockchain, criptomonedas y Web3 desde la base, con criterio y sin promesas.<\/h4>\n\n\n\n<h5 class=\"wp-block-heading\">Educaci\u00f3n clara para entender antes de decidir.<\/h5>\n<\/div>\n\n\n\n<h1 class=\"wp-block-heading has-palette-color-4-color has-text-color has-link-color wp-elements-e4ce3edfb1f857da20a4f099cac347f5\">Nuestra filosof\u00eda educativa<\/h1>\n\n\n\n<p>En Blockverse creemos que la educaci\u00f3n es el primer paso para construir un ecosistema cripto m\u00e1s sano, consciente y sostenible.<\/p>\n\n\n\n<p>Por eso apostamos por contenido educativo gratuito, accesible y bien explicado, pensado tanto para quienes reci\u00e9n comienzan como para quienes buscan profundizar su comprensi\u00f3n del mercado y la tecnolog\u00eda.<\/p>\n\n\n\n<p>No ense\u00f1amos a \u201chacer dinero r\u00e1pido\u201d. Ense\u00f1amos a entender.<\/p>\n\n\n\n<div class=\"wp-block-group is-vertical is-layout-flex wp-container-core-group-is-layout-fe9cc265 wp-block-group-is-layout-flex\">\n<h1 class=\"wp-block-heading has-palette-color-4-color has-text-color has-link-color wp-elements-2b2d39dace65bd7e65c3e46a4fedcc53\">Gu\u00edas Educativas Blockverse<\/h1>\n\n\n\n<p>Nuestras gu\u00edas est\u00e1n dise\u00f1adas para ayudarte a comprender el ecosistema cripto paso a paso, desde los conceptos m\u00e1s b\u00e1sicos hasta nociones m\u00e1s avanzadas, siempre con un enfoque claro, pr\u00e1ctico y responsable.<\/p>\n\n\n\n<div class=\"wp-block-buttons is-content-justification-center is-layout-flex wp-container-core-buttons-is-layout-a89b3969 wp-block-buttons-is-layout-flex\">\n<div class=\"wp-block-button\"><a class=\"wp-block-button__link wp-element-button\">Ver gu\u00edas educativas<\/a><\/div>\n<\/div>\n<\/div>\n\n\n\n<div class=\"wp-block-group is-vertical is-layout-flex wp-container-core-group-is-layout-fe9cc265 wp-block-group-is-layout-flex\">\n<h2 class=\"wp-block-heading\">Glosario Cripto<\/h2>\n\n\n\n<p>El mundo cripto est\u00e1 lleno de t\u00e9rminos t\u00e9cnicos. En nuestro glosario encontrar\u00e1s definiciones simples y claras para entender la jerga del sector sin perderte en tecnicismos.<\/p>\n\n\n\n<div class=\"wp-block-buttons is-layout-flex wp-block-buttons-is-layout-flex\">\n<div class=\"wp-block-button\"><a class=\"wp-block-button__link wp-element-button\" href=\"https:\/\/blockversenews.es\/en\/glosario-cripto\/\">Ir al glosario<\/a><\/div>\n<\/div>\n<\/div>\n\n\n\n<h2 class=\"wp-block-heading\">Educadores Blockverse<\/h2>\n\n\n\n<div class=\"wp-block-group is-vertical is-content-justification-center is-layout-flex wp-container-core-group-is-layout-ce155fab wp-block-group-is-layout-flex\">\n<div class=\"wp-block-group alignfull is-content-justification-center is-layout-constrained wp-container-core-group-is-layout-ad781b73 wp-block-group-is-layout-constrained\" style=\"margin-top:0;margin-bottom:0;padding-top:var(--wp--preset--spacing--50);padding-bottom:var(--wp--preset--spacing--50)\">\n<div class=\"wp-block-group is-layout-constrained wp-container-core-group-is-layout-e0082cf6 wp-block-group-is-layout-constrained\">\n<div class=\"wp-block-group alignfull has-palette-color-4-background-color has-background is-vertical is-content-justification-center is-layout-flex wp-container-core-group-is-layout-81423f52 wp-block-group-is-layout-flex\">\n<figure class=\"wp-block-image size-full is-resized\"><img data-recalc-dims=\"1\" loading=\"lazy\" decoding=\"async\" width=\"1206\" height=\"1064\" data-attachment-id=\"5067\" data-permalink=\"https:\/\/blockversenews.es\/en\/sobre-blockverse\/attachment\/5114273191965690863\/\" data-orig-file=\"https:\/\/i0.wp.com\/blockversenews.es\/wp-content\/uploads\/2026\/01\/5114273191965690863.jpg?fit=1224%2C1080&amp;ssl=1\" data-orig-size=\"1224,1080\" data-comments-opened=\"1\" data-image-meta=\"{&quot;aperture&quot;:&quot;0&quot;,&quot;credit&quot;:&quot;&quot;,&quot;camera&quot;:&quot;&quot;,&quot;caption&quot;:&quot;&quot;,&quot;created_timestamp&quot;:&quot;0&quot;,&quot;copyright&quot;:&quot;&quot;,&quot;focal_length&quot;:&quot;0&quot;,&quot;iso&quot;:&quot;0&quot;,&quot;shutter_speed&quot;:&quot;0&quot;,&quot;title&quot;:&quot;&quot;,&quot;orientation&quot;:&quot;0&quot;}\" data-image-title=\"5114273191965690863\" data-image-description=\"\" data-image-caption=\"\" data-large-file=\"https:\/\/i0.wp.com\/blockversenews.es\/wp-content\/uploads\/2026\/01\/5114273191965690863.jpg?fit=1024%2C904&amp;ssl=1\" src=\"https:\/\/i0.wp.com\/blockversenews.es\/wp-content\/uploads\/2026\/01\/5114273191965690863.jpg?resize=1206%2C1064&#038;ssl=1\" alt=\"Imagen de Felipe Tobar, profesor de Trading y An\u00e1lisis de Mercados, con un fondo de dise\u00f1o digital que representa una red global.\" class=\"wp-image-5067\" style=\"aspect-ratio:1;object-fit:cover;width:270px;height:auto\" srcset=\"https:\/\/i0.wp.com\/blockversenews.es\/wp-content\/uploads\/2026\/01\/5114273191965690863.jpg?w=1224&amp;ssl=1 1224w, https:\/\/i0.wp.com\/blockversenews.es\/wp-content\/uploads\/2026\/01\/5114273191965690863.jpg?resize=300%2C265&amp;ssl=1 300w, https:\/\/i0.wp.com\/blockversenews.es\/wp-content\/uploads\/2026\/01\/5114273191965690863.jpg?resize=1024%2C904&amp;ssl=1 1024w, https:\/\/i0.wp.com\/blockversenews.es\/wp-content\/uploads\/2026\/01\/5114273191965690863.jpg?resize=768%2C678&amp;ssl=1 768w, https:\/\/i0.wp.com\/blockversenews.es\/wp-content\/uploads\/2026\/01\/5114273191965690863.jpg?resize=14%2C12&amp;ssl=1 14w, https:\/\/i0.wp.com\/blockversenews.es\/wp-content\/uploads\/2026\/01\/5114273191965690863.jpg?resize=1200%2C1059&amp;ssl=1 1200w\" sizes=\"auto, (max-width: 1206px) 100vw, 1206px\" \/><\/figure>\n\n\n\n<div style=\"height:0px\" aria-hidden=\"true\" class=\"wp-block-spacer wp-container-content-541a6b20\"><\/div>\n\n\n\n<h2 class=\"wp-block-heading ai-ignore has-white-color has-text-color has-link-color has-medium-font-size wp-elements-0476fc72eb70948fd2c0158de8333c5a\">FELIPE TOBAR<\/h2>\n\n\n\n<p class=\"is-team-title ai-ignore has-palette-color-2-color has-text-color has-link-color wp-elements-b5624960e13cdd1be0832bbde6727c9f\"> Analista de Mercados Financieros<\/p>\n\n\n\n<p class=\"has-text-align-center has-palette-color-8-color has-text-color has-link-color wp-elements-4313ef67e7a32d3dced1e402fc66c8e9\">Educador de trading especializado en an\u00e1lisis de mercados financieros. Colabora en el \u00e1rea educativa de Blockverse aportando formaci\u00f3n pr\u00e1ctica, enfoque anal\u00edtico y herramientas para comprender el comportamiento del mercado desde una perspectiva responsable y estrat\u00e9gica.<\/p>\n\n\n\n<div style=\"height:0px\" aria-hidden=\"true\" class=\"wp-block-spacer wp-container-content-eb1ede72\"><\/div>\n<\/div>\n<\/div>\n<\/div>\n<\/div>\n\n\n\n<div class=\"wp-block-group is-vertical is-layout-flex wp-container-core-group-is-layout-fe9cc265 wp-block-group-is-layout-flex\">\n<h2 class=\"wp-block-heading\">Educaci\u00f3n gratuita &amp; Comunidad<\/h2>\n\n\n\n<p>En Blockverse creemos que el conocimiento debe ser accesible.<\/p>\n\n\n\n<p>Por eso, nuestras clases, contenidos educativos y espacios de aprendizaje est\u00e1n disponibles de forma gratuita para quienes forman parte de nuestra comunidad.<\/p>\n\n\n\n<p>En la comunidad Blockverse encontrar\u00e1s clases introductorias, sesiones educativas, material exclusivo y un entorno donde aprender acompa\u00f1ado.<\/p>\n\n\n\n<div class=\"wp-block-buttons is-layout-flex wp-block-buttons-is-layout-flex\">\n<div class=\"wp-block-button\"><a class=\"wp-block-button__link wp-element-button\" href=\"https:\/\/t.me\/theblockverse\">\u00danete a la comunidad<\/a><\/div>\n<\/div>\n<\/div>\n\n\n\n<h2 class=\"wp-block-heading has-text-align-center\">Aprender es el primer paso para entender el futuro de la tecnolog\u00eda y las finanzas.<\/h2>","protected":false},"excerpt":{"rendered":"<p>Educaci\u00f3n Blockverse Aprende blockchain, criptomonedas y Web3 desde la base, con criterio y sin promesas. Educaci\u00f3n clara para entender antes de decidir. Nuestra filosof\u00eda educativa En Blockverse creemos que la educaci\u00f3n es el primer paso para construir un ecosistema cripto m\u00e1s sano, consciente y sostenible. Por eso apostamos por contenido educativo gratuito, accesible y bien [&hellip;]<\/p>\n","protected":false},"author":265099836,"featured_media":4497,"parent":0,"menu_order":0,"comment_status":"closed","ping_status":"closed","template":"","meta":{"_uf_show_specific_survey":0,"_uf_disable_surveys":false,"jetpack_post_was_ever_published":false,"footnotes":""},"class_list":["post-5126","page","type-page","status-publish","has-post-thumbnail","hentry"],"blocksy_meta":[],"aioseo_notices":[],"jetpack_likes_enabled":true,"jetpack_sharing_enabled":true,"jetpack_shortlink":"https:\/\/wp.me\/Phc91R-1kG","jetpack-related-posts":[{"id":5175,"url":"https:\/\/blockversenews.es\/en\/5175-2\/","url_meta":{"origin":5126,"position":0},"title":"Comunidad","author":"Giselle Ban","date":"8 de January de 2026","format":false,"excerpt":"Comunidad Blockverse Un espacio para informarte, aprender y crecer junto a otros entusiastas del ecosistema cripto. Informaci\u00f3n, educaci\u00f3n y conversaci\u00f3n real. \u00bfQu\u00e9 es la Comunidad Blockverse? La Comunidad Blockverse es el punto de encuentro entre la informaci\u00f3n, la educaci\u00f3n y las personas. Naci\u00f3 como una comunidad independiente enfocada en compartir\u2026","rel":"","context":"Similar post","block_context":{"text":"Similar post","link":""},"img":{"alt_text":"","src":"https:\/\/i0.wp.com\/blockversenews.es\/wp-content\/uploads\/2026\/01\/photo_5084931860890061881_x.jpg?fit=800%2C728&ssl=1&resize=350%2C200","width":350,"height":200,"srcset":"https:\/\/i0.wp.com\/blockversenews.es\/wp-content\/uploads\/2026\/01\/photo_5084931860890061881_x.jpg?fit=800%2C728&ssl=1&resize=350%2C200 1x, https:\/\/i0.wp.com\/blockversenews.es\/wp-content\/uploads\/2026\/01\/photo_5084931860890061881_x.jpg?fit=800%2C728&ssl=1&resize=525%2C300 1.5x, https:\/\/i0.wp.com\/blockversenews.es\/wp-content\/uploads\/2026\/01\/photo_5084931860890061881_x.jpg?fit=800%2C728&ssl=1&resize=700%2C400 2x"},"classes":[]},{"id":4866,"url":"https:\/\/blockversenews.es\/en\/","url_meta":{"origin":5126,"position":1},"title":"Home","author":"Giselle Ban","date":"6 de January de 2026","format":false,"excerpt":"Blockverse News El universo donde la blockchain se entiende Noticias, analisis y educacion sobre criptomonedas y Web3, explicadas con criterio, sin humo ni promesas Ver noticias Comunidad \u00daLTIMAS NOTICIAS Lo m\u00e1s relevante del ecosistema cripto y blockchain, hoy. Explora por categor\u00edas EDUCACI\u00d3N BLOCKVERSE Gu\u00edas claras, conceptos esenciales y recursos educativos\u2026","rel":"","context":"Similar post","block_context":{"text":"Similar post","link":""},"img":{"alt_text":"","src":"https:\/\/i0.wp.com\/blockversenews.es\/wp-content\/uploads\/2026\/01\/photo_5105067586696711107_w.jpg?fit=1200%2C592&ssl=1&resize=350%2C200","width":350,"height":200,"srcset":"https:\/\/i0.wp.com\/blockversenews.es\/wp-content\/uploads\/2026\/01\/photo_5105067586696711107_w.jpg?fit=1200%2C592&ssl=1&resize=350%2C200 1x, https:\/\/i0.wp.com\/blockversenews.es\/wp-content\/uploads\/2026\/01\/photo_5105067586696711107_w.jpg?fit=1200%2C592&ssl=1&resize=525%2C300 1.5x, https:\/\/i0.wp.com\/blockversenews.es\/wp-content\/uploads\/2026\/01\/photo_5105067586696711107_w.jpg?fit=1200%2C592&ssl=1&resize=700%2C400 2x, https:\/\/i0.wp.com\/blockversenews.es\/wp-content\/uploads\/2026\/01\/photo_5105067586696711107_w.jpg?fit=1200%2C592&ssl=1&resize=1050%2C600 3x"},"classes":[]},{"id":4973,"url":"https:\/\/blockversenews.es\/en\/sobre-blockverse\/","url_meta":{"origin":5126,"position":2},"title":"Sobre Blockverse","author":"Giselle Ban","date":"8 de January de 2026","format":false,"excerpt":"Sobre Blockverse Blockverse es un medio editorial y educativo enfocado en blockchain, criptomonedas y Web3. Nacimos como comunidad, crecimos en redes y hoy somos una plataforma de informaci\u00f3n responsable, an\u00e1lisis profundo y visi\u00f3n a largo plazo. Blockverse nace de la necesidad de educar antes de prometer. Nuestra historia Crypto Princess\u2026","rel":"","context":"Similar post","block_context":{"text":"Similar post","link":""},"img":{"alt_text":"","src":"https:\/\/i0.wp.com\/blockversenews.es\/wp-content\/uploads\/2026\/01\/photo_5102815786883025767_y.jpg?fit=1024%2C962&ssl=1&resize=350%2C200","width":350,"height":200,"srcset":"https:\/\/i0.wp.com\/blockversenews.es\/wp-content\/uploads\/2026\/01\/photo_5102815786883025767_y.jpg?fit=1024%2C962&ssl=1&resize=350%2C200 1x, https:\/\/i0.wp.com\/blockversenews.es\/wp-content\/uploads\/2026\/01\/photo_5102815786883025767_y.jpg?fit=1024%2C962&ssl=1&resize=525%2C300 1.5x, https:\/\/i0.wp.com\/blockversenews.es\/wp-content\/uploads\/2026\/01\/photo_5102815786883025767_y.jpg?fit=1024%2C962&ssl=1&resize=700%2C400 2x"},"classes":[]}],"_links":{"self":[{"href":"https:\/\/blockversenews.es\/en\/wp-json\/wp\/v2\/pages\/5126","targetHints":{"allow":["GET"]}}],"collection":[{"href":"https:\/\/blockversenews.es\/en\/wp-json\/wp\/v2\/pages"}],"about":[{"href":"https:\/\/blockversenews.es\/en\/wp-json\/wp\/v2\/types\/page"}],"author":[{"embeddable":true,"href":"https:\/\/blockversenews.es\/en\/wp-json\/wp\/v2\/users\/265099836"}],"replies":[{"embeddable":true,"href":"https:\/\/blockversenews.es\/en\/wp-json\/wp\/v2\/comments?post=5126"}],"version-history":[{"count":24,"href":"https:\/\/blockversenews.es\/en\/wp-json\/wp\/v2\/pages\/5126\/revisions"}],"predecessor-version":[{"id":5409,"href":"https:\/\/blockversenews.es\/en\/wp-json\/wp\/v2\/pages\/5126\/revisions\/5409"}],"wp:featuredmedia":[{"embeddable":true,"href":"https:\/\/blockversenews.es\/en\/wp-json\/wp\/v2\/media\/4497"}],"wp:attachment":[{"href":"https:\/\/blockversenews.es\/en\/wp-json\/wp\/v2\/media?parent=5126"}],"curies":[{"name":"wp","href":"https:\/\/api.w.org\/{rel}","templated":true}]}}