{"id":5189,"date":"2026-01-11T20:09:11","date_gmt":"2026-01-11T23:09:11","guid":{"rendered":"https:\/\/cryptoprincess.news\/?page_id=5189"},"modified":"2026-01-23T22:35:21","modified_gmt":"2026-01-24T01:35:21","slug":"5189-2","status":"publish","type":"page","link":"https:\/\/blockversenews.es\/en\/5189-2\/","title":{"rendered":"Contacto"},"content":{"rendered":"\n<div class=\"wp-block-group alignfull has-black-background-color has-background is-vertical is-content-justification-center is-layout-flex wp-container-core-group-is-layout-ce155fab wp-block-group-is-layout-flex\">\n<h1 class=\"wp-block-heading has-palette-color-8-color has-text-color has-link-color wp-elements-3e54ad711473bbc0002071ea7f7e2dcf\">Contacto Blockverse<\/h1>\n\n\n\n<h4 class=\"wp-block-heading has-text-align-center has-palette-color-8-color has-text-color has-link-color wp-elements-47498f642af997e5252b67a21a717d61\">Contacta al equipo para consultas, colaboraciones o proyectos profesionales.<\/h4>\n\n\n\n<h5 class=\"wp-block-heading has-palette-color-8-color has-text-color has-link-color wp-elements-1e98dd09cb47d2bebe79cdab45b32477\">Responderemos a la brevedad.<\/h5>\n<\/div>\n\n\n\n<p>Blockverse es un medio editorial y educativo independiente, as\u00ed como un ecosistema que integra comunidad y servicios profesionales.<\/p>\n\n\n\n<p>Si deseas ponerte en contacto con nosotros, a continuaci\u00f3n encontrar\u00e1s los canales adecuados seg\u00fan tu consulta.<\/p>\n\n\n\n<h1 class=\"wp-block-heading has-palette-color-4-color has-text-color has-link-color wp-elements-d88fa6ed7fbd90ffa42c72710914764e\">Canales de contacto<\/h1>\n\n\n\n<h2 class=\"wp-block-heading\">Contacto general<\/h2>\n\n\n\n<div class=\"wp-block-leadin-hubspot-form-block\">[hubspot portal=&#8221;50937830&#8243; id=&#8221;99b3d806-7981-4169-9ff3-09ee2c30a963&#8243; version=&#8221;v4&#8243; type=&#8221;form&#8221;]<\/div>\n\n\n\n<h2 class=\"wp-block-heading\">Prensa y colaboraciones<\/h2>\n\n\n\n<p><br>Si deseas proponer colaboraciones editoriales, entrevistas o contenido educativo.<\/p>\n\n\n\n<div class=\"wp-block-leadin-hubspot-form-block\">[hubspot portal=&#8221;50937830&#8243; id=&#8221;67532024-9b6f-4e3a-b79f-71241f77eea8&#8243; version=&#8221;v4&#8243; type=&#8221;form&#8221;]<\/div>\n\n\n\n<div class=\"wp-block-group is-vertical is-layout-flex wp-container-core-group-is-layout-fe9cc265 wp-block-group-is-layout-flex\">\n<h2 class=\"wp-block-heading\">Blockverse Agency<\/h2>\n\n\n\n<p>Para consultas sobre servicios de marketing, comunicaci\u00f3n y crecimiento estrat\u00e9gico para proyectos Web3 y tecnolog\u00eda, puedes contactarnos a trav\u00e9s del canal de la agencia.<\/p>\n\n\n\n<div class=\"wp-block-buttons is-content-justification-center is-layout-flex wp-container-core-buttons-is-layout-a89b3969 wp-block-buttons-is-layout-flex\">\n<div class=\"wp-block-button\"><a class=\"wp-block-button__link has-text-align-center wp-element-button\" href=\"http:\/\/t.me\/Gigi652\">Contactar a Blockverse Agency<\/a><\/div>\n<\/div>\n<\/div>\n\n\n\n<div class=\"wp-block-group alignfull has-palette-color-7-color has-palette-color-4-background-color has-text-color has-background has-link-color wp-elements-0e1fbb62913652f3d60698230e827cc3 is-vertical is-content-justification-center is-layout-flex wp-container-core-group-is-layout-ce155fab wp-block-group-is-layout-flex\">\n<h6 class=\"wp-block-heading has-palette-color-8-color has-text-color has-link-color wp-elements-65a1a3bd4220aeb9677fb684134b847f\">Blockverse es un medio informativo y educativo.<br>No ofrecemos asesoramiento financiero ni recomendaciones de inversi\u00f3n.<\/h6>\n<\/div>\n\n\n\n<p><\/p>\n","protected":false},"excerpt":{"rendered":"<p>Contacto Blockverse Contacta al equipo para consultas, colaboraciones o proyectos profesionales. Responderemos a la brevedad. Blockverse es un medio editorial y educativo independiente, as\u00ed como un ecosistema que integra comunidad y servicios profesionales. Si deseas ponerte en contacto con nosotros, a continuaci\u00f3n encontrar\u00e1s los canales adecuados seg\u00fan tu consulta. Canales de contacto Contacto general Prensa [&hellip;]<\/p>\n","protected":false},"author":265099836,"featured_media":2404,"parent":0,"menu_order":0,"comment_status":"closed","ping_status":"closed","template":"","meta":{"_uf_show_specific_survey":0,"_uf_disable_surveys":false,"jetpack_post_was_ever_published":false,"footnotes":""},"class_list":["post-5189","page","type-page","status-publish","has-post-thumbnail","hentry"],"blocksy_meta":[],"aioseo_notices":[],"jetpack_likes_enabled":true,"jetpack_sharing_enabled":true,"jetpack_shortlink":"https:\/\/wp.me\/Phc91R-1lH","jetpack-related-posts":[{"id":5087,"url":"https:\/\/blockversenews.es\/en\/blockverse-agency\/","url_meta":{"origin":5189,"position":0},"title":"Agency","author":"Giselle Ban","date":"8 de January de 2026","format":false,"excerpt":"Blockverse Agency Estrategia, marketing y crecimiento para proyectos Web3 que quieren escalar en serio En Blockverse Agency ayudamos a proyectos cripto, Web3, exchanges y brokers a construir visibilidad real, comunidad activa y crecimiento sostenible, combinando marketing digital y tradicional. Hablar con el equipo Qu\u00e9 es Blockverse Agency Blockverse Agency es\u2026","rel":"","context":"Similar post","block_context":{"text":"Similar post","link":""},"img":{"alt_text":"","src":"https:\/\/i0.wp.com\/blockversenews.es\/wp-content\/uploads\/2026\/01\/photo_5067043747303983912_y-removebg-preview.png?fit=500%2C500&ssl=1&resize=350%2C200","width":350,"height":200},"classes":[]},{"id":4866,"url":"https:\/\/blockversenews.es\/en\/","url_meta":{"origin":5189,"position":1},"title":"Home","author":"Giselle Ban","date":"6 de January de 2026","format":false,"excerpt":"Blockverse News El universo donde la blockchain se entiende Noticias, analisis y educacion sobre criptomonedas y Web3, explicadas con criterio, sin humo ni promesas Ver noticias Comunidad \u00daLTIMAS NOTICIAS Lo m\u00e1s relevante del ecosistema cripto y blockchain, hoy. Explora por categor\u00edas EDUCACI\u00d3N BLOCKVERSE Gu\u00edas claras, conceptos esenciales y recursos educativos\u2026","rel":"","context":"Similar post","block_context":{"text":"Similar post","link":""},"img":{"alt_text":"","src":"https:\/\/i0.wp.com\/blockversenews.es\/wp-content\/uploads\/2026\/01\/photo_5105067586696711107_w.jpg?fit=1200%2C592&ssl=1&resize=350%2C200","width":350,"height":200,"srcset":"https:\/\/i0.wp.com\/blockversenews.es\/wp-content\/uploads\/2026\/01\/photo_5105067586696711107_w.jpg?fit=1200%2C592&ssl=1&resize=350%2C200 1x, https:\/\/i0.wp.com\/blockversenews.es\/wp-content\/uploads\/2026\/01\/photo_5105067586696711107_w.jpg?fit=1200%2C592&ssl=1&resize=525%2C300 1.5x, https:\/\/i0.wp.com\/blockversenews.es\/wp-content\/uploads\/2026\/01\/photo_5105067586696711107_w.jpg?fit=1200%2C592&ssl=1&resize=700%2C400 2x, https:\/\/i0.wp.com\/blockversenews.es\/wp-content\/uploads\/2026\/01\/photo_5105067586696711107_w.jpg?fit=1200%2C592&ssl=1&resize=1050%2C600 3x"},"classes":[]},{"id":4973,"url":"https:\/\/blockversenews.es\/en\/sobre-blockverse\/","url_meta":{"origin":5189,"position":2},"title":"Sobre Blockverse","author":"Giselle Ban","date":"8 de January de 2026","format":false,"excerpt":"Sobre Blockverse Blockverse es un medio editorial y educativo enfocado en blockchain, criptomonedas y Web3. Nacimos como comunidad, crecimos en redes y hoy somos una plataforma de informaci\u00f3n responsable, an\u00e1lisis profundo y visi\u00f3n a largo plazo. Blockverse nace de la necesidad de educar antes de prometer. Nuestra historia Crypto Princess\u2026","rel":"","context":"Similar post","block_context":{"text":"Similar post","link":""},"img":{"alt_text":"","src":"https:\/\/i0.wp.com\/blockversenews.es\/wp-content\/uploads\/2026\/01\/photo_5102815786883025767_y.jpg?fit=1024%2C962&ssl=1&resize=350%2C200","width":350,"height":200,"srcset":"https:\/\/i0.wp.com\/blockversenews.es\/wp-content\/uploads\/2026\/01\/photo_5102815786883025767_y.jpg?fit=1024%2C962&ssl=1&resize=350%2C200 1x, https:\/\/i0.wp.com\/blockversenews.es\/wp-content\/uploads\/2026\/01\/photo_5102815786883025767_y.jpg?fit=1024%2C962&ssl=1&resize=525%2C300 1.5x, https:\/\/i0.wp.com\/blockversenews.es\/wp-content\/uploads\/2026\/01\/photo_5102815786883025767_y.jpg?fit=1024%2C962&ssl=1&resize=700%2C400 2x"},"classes":[]},{"id":5126,"url":"https:\/\/blockversenews.es\/en\/educacion\/","url_meta":{"origin":5189,"position":3},"title":"Educaci\u00f3n","author":"Giselle Ban","date":"8 de January de 2026","format":false,"excerpt":"Educaci\u00f3n Blockverse Aprende blockchain, criptomonedas y Web3 desde la base, con criterio y sin promesas. Educaci\u00f3n clara para entender antes de decidir. Nuestra filosof\u00eda educativa En Blockverse creemos que la educaci\u00f3n es el primer paso para construir un ecosistema cripto m\u00e1s sano, consciente y sostenible. Por eso apostamos por contenido\u2026","rel":"","context":"Similar post","block_context":{"text":"Similar post","link":""},"img":{"alt_text":"","src":"https:\/\/i0.wp.com\/blockversenews.es\/wp-content\/uploads\/2025\/11\/ChatGPT-Image-22-nov-2025-02_39_31-p.m.png?fit=1200%2C800&ssl=1&resize=350%2C200","width":350,"height":200,"srcset":"https:\/\/i0.wp.com\/blockversenews.es\/wp-content\/uploads\/2025\/11\/ChatGPT-Image-22-nov-2025-02_39_31-p.m.png?fit=1200%2C800&ssl=1&resize=350%2C200 1x, https:\/\/i0.wp.com\/blockversenews.es\/wp-content\/uploads\/2025\/11\/ChatGPT-Image-22-nov-2025-02_39_31-p.m.png?fit=1200%2C800&ssl=1&resize=525%2C300 1.5x, https:\/\/i0.wp.com\/blockversenews.es\/wp-content\/uploads\/2025\/11\/ChatGPT-Image-22-nov-2025-02_39_31-p.m.png?fit=1200%2C800&ssl=1&resize=700%2C400 2x, https:\/\/i0.wp.com\/blockversenews.es\/wp-content\/uploads\/2025\/11\/ChatGPT-Image-22-nov-2025-02_39_31-p.m.png?fit=1200%2C800&ssl=1&resize=1050%2C600 3x"},"classes":[]},{"id":5175,"url":"https:\/\/blockversenews.es\/en\/5175-2\/","url_meta":{"origin":5189,"position":4},"title":"Comunidad","author":"Giselle Ban","date":"8 de January de 2026","format":false,"excerpt":"Comunidad Blockverse Un espacio para informarte, aprender y crecer junto a otros entusiastas del ecosistema cripto. Informaci\u00f3n, educaci\u00f3n y conversaci\u00f3n real. \u00bfQu\u00e9 es la Comunidad Blockverse? La Comunidad Blockverse es el punto de encuentro entre la informaci\u00f3n, la educaci\u00f3n y las personas. Naci\u00f3 como una comunidad independiente enfocada en compartir\u2026","rel":"","context":"Similar post","block_context":{"text":"Similar post","link":""},"img":{"alt_text":"","src":"https:\/\/i0.wp.com\/blockversenews.es\/wp-content\/uploads\/2026\/01\/photo_5084931860890061881_x.jpg?fit=800%2C728&ssl=1&resize=350%2C200","width":350,"height":200,"srcset":"https:\/\/i0.wp.com\/blockversenews.es\/wp-content\/uploads\/2026\/01\/photo_5084931860890061881_x.jpg?fit=800%2C728&ssl=1&resize=350%2C200 1x, https:\/\/i0.wp.com\/blockversenews.es\/wp-content\/uploads\/2026\/01\/photo_5084931860890061881_x.jpg?fit=800%2C728&ssl=1&resize=525%2C300 1.5x, https:\/\/i0.wp.com\/blockversenews.es\/wp-content\/uploads\/2026\/01\/photo_5084931860890061881_x.jpg?fit=800%2C728&ssl=1&resize=700%2C400 2x"},"classes":[]},{"id":1157,"url":"https:\/\/blockversenews.es\/en\/precios-de-criptomonedas\/","url_meta":{"origin":5189,"position":5},"title":"Mercado en vivo","author":"Giselle Ban","date":"1 de July de 2025","format":false,"excerpt":"Mercado Cripto Precios, movimientos y contexto del mercado de criptomonedas, en tiempo real. Informaci\u00f3n para entender, no para prometer. El mercado de criptomonedas es din\u00e1mico, vol\u00e1til y en constante evoluci\u00f3n.En Blockverse mostramos datos de mercado con un enfoque informativo y educativo, para ayudarte a entender el contexto general y tomar\u2026","rel":"","context":"Similar post","block_context":{"text":"Similar post","link":""},"img":{"alt_text":"","src":"https:\/\/i0.wp.com\/blockversenews.es\/wp-content\/uploads\/2025\/07\/ChatGPT-Image-1-jul-2025-04_49_33-p.m.png?fit=1200%2C800&ssl=1&resize=350%2C200","width":350,"height":200,"srcset":"https:\/\/i0.wp.com\/blockversenews.es\/wp-content\/uploads\/2025\/07\/ChatGPT-Image-1-jul-2025-04_49_33-p.m.png?fit=1200%2C800&ssl=1&resize=350%2C200 1x, https:\/\/i0.wp.com\/blockversenews.es\/wp-content\/uploads\/2025\/07\/ChatGPT-Image-1-jul-2025-04_49_33-p.m.png?fit=1200%2C800&ssl=1&resize=525%2C300 1.5x, https:\/\/i0.wp.com\/blockversenews.es\/wp-content\/uploads\/2025\/07\/ChatGPT-Image-1-jul-2025-04_49_33-p.m.png?fit=1200%2C800&ssl=1&resize=700%2C400 2x, https:\/\/i0.wp.com\/blockversenews.es\/wp-content\/uploads\/2025\/07\/ChatGPT-Image-1-jul-2025-04_49_33-p.m.png?fit=1200%2C800&ssl=1&resize=1050%2C600 3x"},"classes":[]}],"_links":{"self":[{"href":"https:\/\/blockversenews.es\/en\/wp-json\/wp\/v2\/pages\/5189","targetHints":{"allow":["GET"]}}],"collection":[{"href":"https:\/\/blockversenews.es\/en\/wp-json\/wp\/v2\/pages"}],"about":[{"href":"https:\/\/blockversenews.es\/en\/wp-json\/wp\/v2\/types\/page"}],"author":[{"embeddable":true,"href":"https:\/\/blockversenews.es\/en\/wp-json\/wp\/v2\/users\/265099836"}],"replies":[{"embeddable":true,"href":"https:\/\/blockversenews.es\/en\/wp-json\/wp\/v2\/comments?post=5189"}],"version-history":[{"count":23,"href":"https:\/\/blockversenews.es\/en\/wp-json\/wp\/v2\/pages\/5189\/revisions"}],"predecessor-version":[{"id":5516,"href":"https:\/\/blockversenews.es\/en\/wp-json\/wp\/v2\/pages\/5189\/revisions\/5516"}],"wp:featuredmedia":[{"embeddable":true,"href":"https:\/\/blockversenews.es\/en\/wp-json\/wp\/v2\/media\/2404"}],"wp:attachment":[{"href":"https:\/\/blockversenews.es\/en\/wp-json\/wp\/v2\/media?parent=5189"}],"curies":[{"name":"wp","href":"https:\/\/api.w.org\/{rel}","templated":true}]}}